{"id":1909,"date":"2021-08-30T09:58:19","date_gmt":"2021-08-30T09:58:19","guid":{"rendered":"http:\/\/lk-tech.southteam.studio\/?page_id=1909"},"modified":"2024-03-25T08:25:55","modified_gmt":"2024-03-25T08:25:55","slug":"giai-phap-chieu-sang","status":"publish","type":"page","link":"https:\/\/lk-tech.com\/vi\/giai-phap-chieu-sang\/","title":{"rendered":"Gi\u1ea3i Ph\u00e1p Chi\u1ebfu S\u00e1ng"},"content":{"rendered":"<p>[vc_row][vc_column]<div class=\"gallery-carousel gallery-col-1 \">\n\t<div class=\"owl-carousel owl-theme style-carousel-1\">\n\t\t\t\t<div class=\"gallery-item\">\n\t\t\t<img loading=\"lazy\" decoding=\"async\" width=\"1360\" height=\"650\" src=\"https:\/\/lk-tech.com\/wp-content\/uploads\/2024\/03\/1-1.jpg\" class=\"attachment-full size-full\" alt=\"\" srcset=\"https:\/\/lk-tech.com\/wp-content\/uploads\/2024\/03\/1-1.jpg 1360w, https:\/\/lk-tech.com\/wp-content\/uploads\/2024\/03\/1-1-300x143.jpg 300w, https:\/\/lk-tech.com\/wp-content\/uploads\/2024\/03\/1-1-1024x489.jpg 1024w, https:\/\/lk-tech.com\/wp-content\/uploads\/2024\/03\/1-1-768x367.jpg 768w\" sizes=\"auto, (max-width: 1360px) 100vw, 1360px\" \/>\t\t<\/div>\n\t\t\t\t<div class=\"gallery-item\">\n\t\t\t<img loading=\"lazy\" decoding=\"async\" width=\"1360\" height=\"650\" src=\"https:\/\/lk-tech.com\/wp-content\/uploads\/2024\/03\/2-2.jpg\" class=\"attachment-full size-full\" alt=\"\" srcset=\"https:\/\/lk-tech.com\/wp-content\/uploads\/2024\/03\/2-2.jpg 1360w, https:\/\/lk-tech.com\/wp-content\/uploads\/2024\/03\/2-2-300x143.jpg 300w, https:\/\/lk-tech.com\/wp-content\/uploads\/2024\/03\/2-2-1024x489.jpg 1024w, https:\/\/lk-tech.com\/wp-content\/uploads\/2024\/03\/2-2-768x367.jpg 768w\" sizes=\"auto, (max-width: 1360px) 100vw, 1360px\" \/>\t\t<\/div>\n\t\t\t\t<div class=\"gallery-item\">\n\t\t\t<img loading=\"lazy\" decoding=\"async\" width=\"1360\" height=\"650\" src=\"https:\/\/lk-tech.com\/wp-content\/uploads\/2024\/03\/3-2.jpg\" class=\"attachment-full size-full\" alt=\"\" srcset=\"https:\/\/lk-tech.com\/wp-content\/uploads\/2024\/03\/3-2.jpg 1360w, https:\/\/lk-tech.com\/wp-content\/uploads\/2024\/03\/3-2-300x143.jpg 300w, https:\/\/lk-tech.com\/wp-content\/uploads\/2024\/03\/3-2-1024x489.jpg 1024w, https:\/\/lk-tech.com\/wp-content\/uploads\/2024\/03\/3-2-768x367.jpg 768w\" sizes=\"auto, (max-width: 1360px) 100vw, 1360px\" \/>\t\t<\/div>\n\t\t\t<\/div>\n<\/div>\n[\/vc_column][\/vc_row][vc_row full_width=&#8221;stretch_row&#8221; css=&#8221;.vc_custom_1630555135057{margin-top: 20px !important;}&#8221;][vc_column width=&#8221;1\/2&#8243;][vc_row_inner][vc_column_inner][vc_custom_heading text=&#8221;GI\u1ea2I PH\u00c1P \u0110\u00c8N KI\u1ebeN TR\u00daC&#8221; use_theme_fonts=&#8221;yes&#8221;]<div class=\"wt-separator-outer text-left \">\n\t<div class=\"wt-separator style-square\">\n\t\t<span class=\"separatorIcon\"><\/span>\n\t\t<div class=\"wt-separator style-square\">\n\t\t\t<span class=\"separator-left bg-primary\"><\/span>\n\t\t\t<span class=\"separator-right bg-primary\"><\/span>\n\t\t<\/div>\n\t<\/div>\n<\/div>\n[vc_column_text]<\/p>\n<ul class=\"stepCounter\">\n<li><span class=\"counterStep\">1<\/span> L\u1ef1a ch\u1ecdn\u00a0 s\u1ea3n ph\u1ea9m.<\/li>\n<li><span class=\"counterStep\">2<\/span> H\u1ed7 tr\u1ee3 k\u1ef9 thu\u1eadt.<\/li>\n<li><span class=\"counterStep\">3<\/span> Tr\u00ecnh chi\u1ebfu m\u1eabu.<\/li>\n<li><span class=\"counterStep\">4<\/span> Qu\u1ea3n l\u00fd d\u1ef1 \u00e1n.<\/li>\n<li><span class=\"counterStep\">5<\/span> H\u1ed7 tr\u1ee3 l\u1eafp \u0111\u1eb7t.<\/li>\n<li><span class=\"counterStep\">6<\/span> L\u1eadp tr\u00ecnh hi\u1ec7u \u1ee9ng.<\/li>\n<li><span class=\"counterStep\">7<\/span> Gi\u1ea3i ph\u00e1p h\u1eadu m\u00e3i.<\/li>\n<\/ul>\n<p>[\/vc_column_text][\/vc_column_inner][\/vc_row_inner][\/vc_column][vc_column width=&#8221;1\/2&#8243; css=&#8221;.vc_custom_1711354905367{background-position: center !important;background-repeat: no-repeat !important;background-size: cover !important;}&#8221;][vc_single_image image=&#8221;4611&#8243; img_size=&#8221;full&#8221;][\/vc_column][\/vc_row][vc_row][vc_column width=&#8221;1\/2&#8243;][vc_custom_heading text=&#8221;GI\u1ea2I PH\u00c1P CHI\u1ebeU S\u00c1NG TRANG TR\u00cd THEO<br \/>\nTHI\u1ebeT K\u1ebe RI\u00caNG&#8221; use_theme_fonts=&#8221;yes&#8221;]<div class=\"wt-separator-outer text-left \">\n\t<div class=\"wt-separator style-square\">\n\t\t<span class=\"separatorIcon\"><\/span>\n\t\t<div class=\"wt-separator style-square\">\n\t\t\t<span class=\"separator-left bg-primary\"><\/span>\n\t\t\t<span class=\"separator-right bg-primary\"><\/span>\n\t\t<\/div>\n\t<\/div>\n<\/div>\n[vc_column_text]<\/p>\n<ul class=\"stepCounter\">\n<li><span class=\"counterStep\">1<\/span> \u0110\u1ea1i di\u1ec7n ch\u00ednh th\u1ee9c cho nhi\u1ec1u th\u01b0\u01a1ng hi\u1ec7u \u0111\u00e8n trang tr\u00ed h\u00e0ng \u0111\u1ea7u Th\u1ebf gi\u1edbi \u0111\u1ebfn t\u1eeb Ch\u00e2u \u00c2u.<\/li>\n<li><span class=\"counterStep\">2<\/span> Gi\u1ea3i ph\u00e1p \u0111\u00e8n trang tr\u00ed ch\u1ebf t\u1ea1o theo thi\u1ebft k\u1ebf ri\u00eang.<\/li>\n<li><span class=\"counterStep\">3<\/span> T\u00edch h\u1ee3p \u0111i\u1ec1u khi\u1ec3n kh\u00f4ng d\u00e2y chu\u1ea9n th\u1ebf h\u1ec7 th\u1ee9 5 cho \u0111\u00e8n trang tr\u00ed, li\u00ean k\u1ebft hi\u1ec7u \u1ee9ng v\u00e0 \u0111i\u1ec1u khi\u1ec3n \u0111\u00e8n trang tr\u00ed v\u1edbi to\u00e0n b\u1ed9 h\u1ec7 th\u1ed1ng chi\u1ebfu s\u00e1ng chung.<\/li>\n<\/ul>\n<p>[\/vc_column_text][\/vc_column][vc_column width=&#8221;1\/2&#8243;][vc_single_image image=&#8221;4609&#8243; img_size=&#8221;full&#8221;][\/vc_column][\/vc_row][vc_row][vc_column width=&#8221;1\/2&#8243;][vc_custom_heading text=&#8221;NH\u00c0 TH\u1ea6U L\u1eaeP \u0110\u1eb6T CHI\u1ebeU S\u00c1NG&#8221; use_theme_fonts=&#8221;yes&#8221;]<div class=\"wt-separator-outer text-left \">\n\t<div class=\"wt-separator style-square\">\n\t\t<span class=\"separatorIcon\"><\/span>\n\t\t<div class=\"wt-separator style-square\">\n\t\t\t<span class=\"separator-left bg-primary\"><\/span>\n\t\t\t<span class=\"separator-right bg-primary\"><\/span>\n\t\t<\/div>\n\t<\/div>\n<\/div>\n[vc_column_text]<\/p>\n<ul class=\"stepCounter\">\n<li><span class=\"counterStep\">1<\/span> Gi\u1ea3i ph\u00e1p l\u1eafp \u0111\u1eb7t tr\u1ecdn g\u00f3i chi\u1ebfu s\u00e1ng m\u1eb7t d\u1ef1ng v\u00e0 ngo\u00e0i nh\u00e0.<\/li>\n<li><span class=\"counterStep\">2<\/span> Cung c\u1ea5p g\u00f3i d\u1ecbch v\u1ee5 b\u1ea3o tr\u00ec v\u00e0 s\u1eeda ch\u1eefa to\u00e0n di\u1ec7n.<\/li>\n<li><span class=\"counterStep\">3<\/span> Gi\u1ea3i ph\u00e1p l\u1eadp tr\u00ecnh hi\u1ec7u \u1ee9ng chi\u1ebfu s\u00e1ng t\u00f4n vinh v\u1ebb \u0111\u1eb9p ki\u1ebfn tr\u00fac, c\u00e1 nh\u00e2n h\u00f3a theo c\u1ea3m x\u00fac, t\u1ea1o c\u00e1c hi\u00eau \u1ee9ng sinh \u0111\u1ed9ng c\u00f3 t\u00ednh qu\u1ea3ng b\u00e1 v\u00e0 gi\u1ea3i tr\u00ed cho c\u1ed9ng \u0111\u1ed3ng.<\/li>\n<li><span class=\"counterStep\">4<\/span> T\u00edch h\u1ee3p \u0111i\u1ec1u khi\u1ec3n chi\u1ebfu s\u00e1ng v\u00e0 c\u00e1c c\u1ea3m bi\u1ebfn v\u1edbi h\u1ec7 th\u1ed1ng \u0111i\u1ec1u khi\u1ec3n trung t\u00e2m cho m\u1ecdi giao th\u1ee9c th\u00f4ng d\u1ee5ng.<\/li>\n<\/ul>\n<p>[\/vc_column_text][\/vc_column][vc_column width=&#8221;1\/2&#8243;][vc_single_image image=&#8221;4607&#8243; img_size=&#8221;full&#8221;][\/vc_column][\/vc_row]<\/p>\n","protected":false},"excerpt":{"rendered":"<p>[vc_row][vc_column][\/vc_column][\/vc_row][vc_row full_width=&#8221;stretch_row&#8221; css=&#8221;.vc_custom_1630555135057{margin-top: 20px !important;}&#8221;][vc_column width=&#8221;1\/2&#8243;][vc_row_inner][vc_column_inner][vc_custom_heading text=&#8221;GI\u1ea2I PH\u00c1P \u0110\u00c8N KI\u1ebeN TR\u00daC&#8221; use_theme_fonts=&#8221;yes&#8221;][vc_column_text] 1 L\u1ef1a ch\u1ecdn\u00a0 s\u1ea3n ph\u1ea9m. 2 H\u1ed7 tr\u1ee3 k\u1ef9 thu\u1eadt. 3 Tr\u00ecnh chi\u1ebfu m\u1eabu. 4 Qu\u1ea3n l\u00fd d\u1ef1 \u00e1n. 5 H\u1ed7 tr\u1ee3 l\u1eafp \u0111\u1eb7t. 6 L\u1eadp tr\u00ecnh hi\u1ec7u \u1ee9ng. 7 Gi\u1ea3i ph\u00e1p h\u1eadu m\u00e3i. [\/vc_column_text][\/vc_column_inner][\/vc_row_inner][\/vc_column][vc_column width=&#8221;1\/2&#8243; css=&#8221;.vc_custom_1711354905367{background-position: center !important;background-repeat: no-repeat !important;background-size: cover !important;}&#8221;][vc_single_image<\/p>\n","protected":false},"author":1,"featured_media":0,"parent":0,"menu_order":7,"comment_status":"closed","ping_status":"closed","template":"page-templates\/fullwidthpage.php","meta":{"footnotes":""},"class_list":["post-1909","page","type-page","status-publish","hentry"],"yoast_head":"<!-- This site is optimized with the Yoast SEO plugin v19.3 - https:\/\/yoast.com\/wordpress\/plugins\/seo\/ -->\n<title>Gi\u1ea3i Ph\u00e1p Chi\u1ebfu S\u00e1ng -<\/title>\n<meta name=\"robots\" content=\"index, follow, max-snippet:-1, max-image-preview:large, max-video-preview:-1\" \/>\n<link rel=\"canonical\" href=\"https:\/\/lk-tech.com\/vi\/giai-phap-chieu-sang\/\" \/>\n<meta property=\"og:locale\" content=\"vi_VN\" \/>\n<meta property=\"og:type\" content=\"article\" \/>\n<meta property=\"og:title\" content=\"Gi\u1ea3i Ph\u00e1p Chi\u1ebfu S\u00e1ng -\" \/>\n<meta property=\"og:description\" content=\"[vc_row][vc_column][\/vc_column][\/vc_row][vc_row full_width=&#8221;stretch_row&#8221; css=&#8221;.vc_custom_1630555135057{margin-top: 20px !important;}&#8221;][vc_column width=&#8221;1\/2&#8243;][vc_row_inner][vc_column_inner][vc_custom_heading text=&#8221;GI\u1ea2I PH\u00c1P \u0110\u00c8N KI\u1ebeN TR\u00daC&#8221; use_theme_fonts=&#8221;yes&#8221;][vc_column_text] 1 L\u1ef1a ch\u1ecdn\u00a0 s\u1ea3n ph\u1ea9m. 2 H\u1ed7 tr\u1ee3 k\u1ef9 thu\u1eadt. 3 Tr\u00ecnh chi\u1ebfu m\u1eabu. 4 Qu\u1ea3n l\u00fd d\u1ef1 \u00e1n. 5 H\u1ed7 tr\u1ee3 l\u1eafp \u0111\u1eb7t. 6 L\u1eadp tr\u00ecnh hi\u1ec7u \u1ee9ng. 7 Gi\u1ea3i ph\u00e1p h\u1eadu m\u00e3i. [\/vc_column_text][\/vc_column_inner][\/vc_row_inner][\/vc_column][vc_column width=&#8221;1\/2&#8243; css=&#8221;.vc_custom_1711354905367{background-position: center !important;background-repeat: no-repeat !important;background-size: cover !important;}&#8221;][vc_single_image\" \/>\n<meta property=\"og:url\" content=\"https:\/\/lk-tech.com\/vi\/giai-phap-chieu-sang\/\" \/>\n<meta property=\"article:modified_time\" content=\"2024-03-25T08:25:55+00:00\" \/>\n<meta name=\"twitter:card\" content=\"summary_large_image\" \/>\n<meta name=\"twitter:label1\" content=\"Est. reading time\" \/>\n\t<meta name=\"twitter:data1\" content=\"2 minutes\" \/>\n<script type=\"application\/ld+json\" class=\"yoast-schema-graph\">{\"@context\":\"https:\/\/schema.org\",\"@graph\":[{\"@type\":\"WebSite\",\"@id\":\"https:\/\/lk-tech.com\/#website\",\"url\":\"https:\/\/lk-tech.com\/\",\"name\":\"\",\"description\":\"LK Technology Company Limited\",\"potentialAction\":[{\"@type\":\"SearchAction\",\"target\":{\"@type\":\"EntryPoint\",\"urlTemplate\":\"https:\/\/lk-tech.com\/?s={search_term_string}\"},\"query-input\":\"required name=search_term_string\"}],\"inLanguage\":\"vi-VN\"},{\"@type\":\"WebPage\",\"@id\":\"https:\/\/lk-tech.com\/vi\/giai-phap-chieu-sang\/\",\"url\":\"https:\/\/lk-tech.com\/vi\/giai-phap-chieu-sang\/\",\"name\":\"Gi\u1ea3i Ph\u00e1p Chi\u1ebfu S\u00e1ng -\",\"isPartOf\":{\"@id\":\"https:\/\/lk-tech.com\/#website\"},\"datePublished\":\"2021-08-30T09:58:19+00:00\",\"dateModified\":\"2024-03-25T08:25:55+00:00\",\"breadcrumb\":{\"@id\":\"https:\/\/lk-tech.com\/vi\/giai-phap-chieu-sang\/#breadcrumb\"},\"inLanguage\":\"vi-VN\",\"potentialAction\":[{\"@type\":\"ReadAction\",\"target\":[\"https:\/\/lk-tech.com\/vi\/giai-phap-chieu-sang\/\"]}]},{\"@type\":\"BreadcrumbList\",\"@id\":\"https:\/\/lk-tech.com\/vi\/giai-phap-chieu-sang\/#breadcrumb\",\"itemListElement\":[{\"@type\":\"ListItem\",\"position\":1,\"name\":\"Home\",\"item\":\"https:\/\/lk-tech.com\/vi\/\"},{\"@type\":\"ListItem\",\"position\":2,\"name\":\"Gi\u1ea3i Ph\u00e1p Chi\u1ebfu S\u00e1ng\"}]}]}<\/script>\n<!-- \/ Yoast SEO plugin. -->","yoast_head_json":{"title":"Gi\u1ea3i Ph\u00e1p Chi\u1ebfu S\u00e1ng -","robots":{"index":"index","follow":"follow","max-snippet":"max-snippet:-1","max-image-preview":"max-image-preview:large","max-video-preview":"max-video-preview:-1"},"canonical":"https:\/\/lk-tech.com\/vi\/giai-phap-chieu-sang\/","og_locale":"vi_VN","og_type":"article","og_title":"Gi\u1ea3i Ph\u00e1p Chi\u1ebfu S\u00e1ng -","og_description":"[vc_row][vc_column][\/vc_column][\/vc_row][vc_row full_width=&#8221;stretch_row&#8221; css=&#8221;.vc_custom_1630555135057{margin-top: 20px !important;}&#8221;][vc_column width=&#8221;1\/2&#8243;][vc_row_inner][vc_column_inner][vc_custom_heading text=&#8221;GI\u1ea2I PH\u00c1P \u0110\u00c8N KI\u1ebeN TR\u00daC&#8221; use_theme_fonts=&#8221;yes&#8221;][vc_column_text] 1 L\u1ef1a ch\u1ecdn\u00a0 s\u1ea3n ph\u1ea9m. 2 H\u1ed7 tr\u1ee3 k\u1ef9 thu\u1eadt. 3 Tr\u00ecnh chi\u1ebfu m\u1eabu. 4 Qu\u1ea3n l\u00fd d\u1ef1 \u00e1n. 5 H\u1ed7 tr\u1ee3 l\u1eafp \u0111\u1eb7t. 6 L\u1eadp tr\u00ecnh hi\u1ec7u \u1ee9ng. 7 Gi\u1ea3i ph\u00e1p h\u1eadu m\u00e3i. [\/vc_column_text][\/vc_column_inner][\/vc_row_inner][\/vc_column][vc_column width=&#8221;1\/2&#8243; css=&#8221;.vc_custom_1711354905367{background-position: center !important;background-repeat: no-repeat !important;background-size: cover !important;}&#8221;][vc_single_image","og_url":"https:\/\/lk-tech.com\/vi\/giai-phap-chieu-sang\/","article_modified_time":"2024-03-25T08:25:55+00:00","twitter_card":"summary_large_image","twitter_misc":{"Est. reading time":"2 minutes"},"schema":{"@context":"https:\/\/schema.org","@graph":[{"@type":"WebSite","@id":"https:\/\/lk-tech.com\/#website","url":"https:\/\/lk-tech.com\/","name":"","description":"LK Technology Company Limited","potentialAction":[{"@type":"SearchAction","target":{"@type":"EntryPoint","urlTemplate":"https:\/\/lk-tech.com\/?s={search_term_string}"},"query-input":"required name=search_term_string"}],"inLanguage":"vi-VN"},{"@type":"WebPage","@id":"https:\/\/lk-tech.com\/vi\/giai-phap-chieu-sang\/","url":"https:\/\/lk-tech.com\/vi\/giai-phap-chieu-sang\/","name":"Gi\u1ea3i Ph\u00e1p Chi\u1ebfu S\u00e1ng -","isPartOf":{"@id":"https:\/\/lk-tech.com\/#website"},"datePublished":"2021-08-30T09:58:19+00:00","dateModified":"2024-03-25T08:25:55+00:00","breadcrumb":{"@id":"https:\/\/lk-tech.com\/vi\/giai-phap-chieu-sang\/#breadcrumb"},"inLanguage":"vi-VN","potentialAction":[{"@type":"ReadAction","target":["https:\/\/lk-tech.com\/vi\/giai-phap-chieu-sang\/"]}]},{"@type":"BreadcrumbList","@id":"https:\/\/lk-tech.com\/vi\/giai-phap-chieu-sang\/#breadcrumb","itemListElement":[{"@type":"ListItem","position":1,"name":"Home","item":"https:\/\/lk-tech.com\/vi\/"},{"@type":"ListItem","position":2,"name":"Gi\u1ea3i Ph\u00e1p Chi\u1ebfu S\u00e1ng"}]}]}},"_links":{"self":[{"href":"https:\/\/lk-tech.com\/vi\/wp-json\/wp\/v2\/pages\/1909","targetHints":{"allow":["GET"]}}],"collection":[{"href":"https:\/\/lk-tech.com\/vi\/wp-json\/wp\/v2\/pages"}],"about":[{"href":"https:\/\/lk-tech.com\/vi\/wp-json\/wp\/v2\/types\/page"}],"author":[{"embeddable":true,"href":"https:\/\/lk-tech.com\/vi\/wp-json\/wp\/v2\/users\/1"}],"replies":[{"embeddable":true,"href":"https:\/\/lk-tech.com\/vi\/wp-json\/wp\/v2\/comments?post=1909"}],"version-history":[{"count":27,"href":"https:\/\/lk-tech.com\/vi\/wp-json\/wp\/v2\/pages\/1909\/revisions"}],"predecessor-version":[{"id":4784,"href":"https:\/\/lk-tech.com\/vi\/wp-json\/wp\/v2\/pages\/1909\/revisions\/4784"}],"wp:attachment":[{"href":"https:\/\/lk-tech.com\/vi\/wp-json\/wp\/v2\/media?parent=1909"}],"curies":[{"name":"wp","href":"https:\/\/api.w.org\/{rel}","templated":true}]}}