{"id":1903,"date":"2021-08-30T09:57:36","date_gmt":"2021-08-30T09:57:36","guid":{"rendered":"http:\/\/lk-tech.southteam.studio\/?page_id=1903"},"modified":"2024-03-27T04:50:06","modified_gmt":"2024-03-27T04:50:06","slug":"giai-phap-chieu-sang-theo-thiet-ke-rieng","status":"publish","type":"page","link":"https:\/\/lk-tech.com\/vi\/dich-vu\/giai-phap-chieu-sang-theo-thiet-ke-rieng\/","title":{"rendered":"QU\u1ea2N L\u00dd N\u0102NG L\u01af\u1ee2NG CHO T\u00d2A NH\u00c0 &#038; \u0110\u00d4 TH\u1eca"},"content":{"rendered":"<p>[vc_row][vc_column][vc_single_image image=&#8221;4734&#8243; img_size=&#8221;full&#8221;][vc_empty_space height=&#8221;60px&#8221;][\/vc_column][\/vc_row][vc_row][vc_column][vc_custom_heading text=&#8221;GI\u1ea2I PH\u00c1P&#8221; font_container=&#8221;tag:h2|text_align:center&#8221; use_theme_fonts=&#8221;yes&#8221;]<div class=\"wt-separator-outer text-center \">\n\t<div class=\"wt-separator style-square\">\n\t\t<span class=\"separatorIcon\"><\/span>\n\t\t<div class=\"wt-separator style-square\">\n\t\t\t<span class=\"separator-left bg-primary\"><\/span>\n\t\t\t<span class=\"separator-right bg-primary\"><\/span>\n\t\t<\/div>\n\t<\/div>\n<\/div>\n[\/vc_column][\/vc_row][vc_row][vc_column width=&#8221;1\/2&#8243;][vc_single_image image=&#8221;4711&#8243; img_size=&#8221;full&#8221;][vc_custom_heading text=&#8221;GI\u1ea2I PH\u00c1P TI\u1ebeT KI\u1ec6M N\u0102NG L\u01af\u1ee2NG&#8221; font_container=&#8221;tag:h2|text_align:center&#8221; use_theme_fonts=&#8221;yes&#8221;][vc_column_text]Gi\u00fap b\u1ea3o v\u1ec7 m\u00f4i tr\u01b0\u1eddng nh\u01b0 h\u1ec7 th\u1ed1ng Ozone, c\u00f9ng c\u00e1c h\u1ec7 th\u1ed1ng th\u00f4ng minh nh\u01b0 qu\u1ea3n l\u00fd giao th\u00f4ng v\u00e0 \u0111\u00e8n giao th\u00f4ng th\u00f4ng qua IoT v\u00e0 d\u1eef li\u1ec7u l\u1edbn.[\/vc_column_text][\/vc_column][vc_column width=&#8221;1\/2&#8243;][vc_single_image image=&#8221;4731&#8243; img_size=&#8221;full&#8221;][vc_custom_heading text=&#8221;GI\u1ea2I PH\u00c1P ESCO&#8221; font_container=&#8221;tag:h2|text_align:center&#8221; use_theme_fonts=&#8221;yes&#8221;][vc_column_text]ESCO (Energy Service Company) l\u00e0 m\u00f4 h\u00ecnh kinh doanh cung c\u1ea5p gi\u1ea3i ph\u00e1p ti\u1ebft ki\u1ec7m n\u0103ng l\u01b0\u1ee3ng, bao g\u1ed3m thi\u1ebft k\u1ebf, c\u00e0i \u0111\u1eb7t v\u00e0 b\u1ea3o tr\u00ec h\u1ec7 th\u1ed1ng \u0111\u1ec3 c\u1ea3i thi\u1ec7n hi\u1ec7u qu\u1ea3 n\u0103ng l\u01b0\u1ee3ng.[\/vc_column_text][\/vc_column][\/vc_row][vc_row][vc_column width=&#8221;1\/2&#8243;][vc_single_image image=&#8221;4715&#8243; img_size=&#8221;full&#8221;][vc_custom_heading text=&#8221;GI\u1ea2I PH\u00c1P T\u1ea0O OZONE TH\u00d4NG MINH&#8221; font_container=&#8221;tag:h2|text_align:center&#8221; use_theme_fonts=&#8221;yes&#8221;][vc_column_text]H\u1ec7 th\u1ed1ng t\u1ea1o Ozone th\u00f4ng m\u00ecnh t\u1eeb Econowatt (Th\u00e1i Lan) h\u1ed7 tr\u1ee3 c\u00e1c gi\u1ea3i ph\u00e1p ti\u1ebft ki\u1ec7m n\u0103ng l\u01b0\u1ee3ng v\u00e0 h\u01b0\u1edbng t\u1edbi ti\u00eau ch\u00ed b\u1ec1n v\u1eefng. H\u1ec7 th\u1ed1ng t\u00edch h\u1ee3p b\u1ed9 \u0111i\u1ec1u khi\u1ec3n theo d\u00f5i t\u1eeb xa gi\u00fap t\u1ed1i \u01b0u h\u00f3a vi\u1ec7c v\u1eadn h\u00e0nh v\u00e0 ki\u1ec3m so\u00e1t ch\u1ea5t l\u01b0\u1ee3ng n\u01b0\u1edbc, kh\u00f4ng kh\u00ed.[\/vc_column_text][\/vc_column][vc_column width=&#8221;1\/2&#8243;][vc_single_image image=&#8221;4723&#8243; img_size=&#8221;full&#8221;][vc_custom_heading text=&#8221;GI\u1ea2I PH\u00c1P GIAO TH\u00d4NG TH\u00d4NG MINH&#8221; font_container=&#8221;tag:h2|text_align:center&#8221; use_theme_fonts=&#8221;yes&#8221;][vc_column_text]Gi\u1ea3i ph\u00e1p t\u00edch h\u1ee3p \u0111\u1ed3ng nh\u1ea5t trong Trung T\u00e2m Qu\u1ea3n L\u00fd Giao Th\u00f4ng \u0111i\u1ec1u khi\u1ec3n v\u00e0 theo d\u00f5i tr\u1ef1c quan theo th\u1eddi gian th\u1ef1c, k\u1ebft h\u1ee3p c\u00e1c thi\u1ebft b\u1ecb b\u1ed5 tr\u1ee3 nh\u01b0 tr\u1ee5 \u0111\u00e8n th\u00f4ng minh, camera hay sensor mang \u0111\u1ebfn s\u1ef1 to\u00e0n di\u1ec7n th\u00f4ng tin, t\u0103ng c\u01b0\u1eddng an to\u00e0n v\u00e0 th\u00fac \u0111\u1ea9y giao th\u00f4ng b\u1ec1n v\u1eefng.[\/vc_column_text][\/vc_column][\/vc_row][vc_row][vc_column][vc_empty_space height=&#8221;60px&#8221;][vc_custom_heading text=&#8221;GI\u1ea2I PH\u00c1P I-BUILDING&#8221; font_container=&#8221;tag:h2|text_align:center&#8221; use_theme_fonts=&#8221;yes&#8221;]<div class=\"wt-separator-outer text-center \">\n\t<div class=\"wt-separator style-square\">\n\t\t<span class=\"separatorIcon\"><\/span>\n\t\t<div class=\"wt-separator style-square\">\n\t\t\t<span class=\"separator-left bg-primary\"><\/span>\n\t\t\t<span class=\"separator-right bg-primary\"><\/span>\n\t\t<\/div>\n\t<\/div>\n<\/div>\n[vc_single_image image=&#8221;4841&#8243; img_size=&#8221;full&#8221;][\/vc_column][\/vc_row]<\/p>\n","protected":false},"excerpt":{"rendered":"<p>[vc_row][vc_column][vc_single_image image=&#8221;4734&#8243; img_size=&#8221;full&#8221;][vc_empty_space height=&#8221;60px&#8221;][\/vc_column][\/vc_row][vc_row][vc_column][vc_custom_heading text=&#8221;GI\u1ea2I PH\u00c1P&#8221; font_container=&#8221;tag:h2|text_align:center&#8221; use_theme_fonts=&#8221;yes&#8221;][\/vc_column][\/vc_row][vc_row][vc_column width=&#8221;1\/2&#8243;][vc_single_image image=&#8221;4711&#8243; img_size=&#8221;full&#8221;][vc_custom_heading text=&#8221;GI\u1ea2I PH\u00c1P TI\u1ebeT KI\u1ec6M N\u0102NG L\u01af\u1ee2NG&#8221; font_container=&#8221;tag:h2|text_align:center&#8221; use_theme_fonts=&#8221;yes&#8221;][vc_column_text]Gi\u00fap b\u1ea3o v\u1ec7 m\u00f4i tr\u01b0\u1eddng nh\u01b0 h\u1ec7 th\u1ed1ng Ozone, c\u00f9ng c\u00e1c h\u1ec7 th\u1ed1ng th\u00f4ng minh nh\u01b0 qu\u1ea3n l\u00fd giao th\u00f4ng v\u00e0 \u0111\u00e8n giao th\u00f4ng th\u00f4ng qua IoT v\u00e0 d\u1eef li\u1ec7u l\u1edbn.[\/vc_column_text][\/vc_column][vc_column width=&#8221;1\/2&#8243;][vc_single_image image=&#8221;4731&#8243; img_size=&#8221;full&#8221;][vc_custom_heading text=&#8221;GI\u1ea2I PH\u00c1P ESCO&#8221;<\/p>\n","protected":false},"author":1,"featured_media":0,"parent":149,"menu_order":9,"comment_status":"closed","ping_status":"closed","template":"page-templates\/fullwidthpage.php","meta":{"footnotes":""},"class_list":["post-1903","page","type-page","status-publish","hentry"],"yoast_head":"<!-- This site is optimized with the Yoast SEO plugin v19.3 - https:\/\/yoast.com\/wordpress\/plugins\/seo\/ -->\n<title>QU\u1ea2N L\u00dd N\u0102NG L\u01af\u1ee2NG CHO T\u00d2A NH\u00c0 &amp; \u0110\u00d4 TH\u1eca -<\/title>\n<meta name=\"robots\" content=\"index, follow, max-snippet:-1, max-image-preview:large, max-video-preview:-1\" \/>\n<link rel=\"canonical\" href=\"https:\/\/lk-tech.com\/vi\/dich-vu\/giai-phap-chieu-sang-theo-thiet-ke-rieng\/\" \/>\n<meta property=\"og:locale\" content=\"vi_VN\" \/>\n<meta property=\"og:type\" content=\"article\" \/>\n<meta property=\"og:title\" content=\"QU\u1ea2N L\u00dd N\u0102NG L\u01af\u1ee2NG CHO T\u00d2A NH\u00c0 &amp; \u0110\u00d4 TH\u1eca -\" \/>\n<meta property=\"og:description\" content=\"[vc_row][vc_column][vc_single_image image=&#8221;4734&#8243; img_size=&#8221;full&#8221;][vc_empty_space height=&#8221;60px&#8221;][\/vc_column][\/vc_row][vc_row][vc_column][vc_custom_heading text=&#8221;GI\u1ea2I PH\u00c1P&#8221; font_container=&#8221;tag:h2|text_align:center&#8221; use_theme_fonts=&#8221;yes&#8221;][\/vc_column][\/vc_row][vc_row][vc_column width=&#8221;1\/2&#8243;][vc_single_image image=&#8221;4711&#8243; img_size=&#8221;full&#8221;][vc_custom_heading text=&#8221;GI\u1ea2I PH\u00c1P TI\u1ebeT KI\u1ec6M N\u0102NG L\u01af\u1ee2NG&#8221; font_container=&#8221;tag:h2|text_align:center&#8221; use_theme_fonts=&#8221;yes&#8221;][vc_column_text]Gi\u00fap b\u1ea3o v\u1ec7 m\u00f4i tr\u01b0\u1eddng nh\u01b0 h\u1ec7 th\u1ed1ng Ozone, c\u00f9ng c\u00e1c h\u1ec7 th\u1ed1ng th\u00f4ng minh nh\u01b0 qu\u1ea3n l\u00fd giao th\u00f4ng v\u00e0 \u0111\u00e8n giao th\u00f4ng th\u00f4ng qua IoT v\u00e0 d\u1eef li\u1ec7u l\u1edbn.[\/vc_column_text][\/vc_column][vc_column width=&#8221;1\/2&#8243;][vc_single_image image=&#8221;4731&#8243; img_size=&#8221;full&#8221;][vc_custom_heading text=&#8221;GI\u1ea2I PH\u00c1P ESCO&#8221;\" \/>\n<meta property=\"og:url\" content=\"https:\/\/lk-tech.com\/vi\/dich-vu\/giai-phap-chieu-sang-theo-thiet-ke-rieng\/\" \/>\n<meta property=\"article:modified_time\" content=\"2024-03-27T04:50:06+00:00\" \/>\n<meta name=\"twitter:card\" content=\"summary_large_image\" \/>\n<meta name=\"twitter:label1\" content=\"Est. reading time\" \/>\n\t<meta name=\"twitter:data1\" content=\"3 minutes\" \/>\n<script type=\"application\/ld+json\" class=\"yoast-schema-graph\">{\"@context\":\"https:\/\/schema.org\",\"@graph\":[{\"@type\":\"WebSite\",\"@id\":\"https:\/\/lk-tech.com\/#website\",\"url\":\"https:\/\/lk-tech.com\/\",\"name\":\"\",\"description\":\"LK Technology Company Limited\",\"potentialAction\":[{\"@type\":\"SearchAction\",\"target\":{\"@type\":\"EntryPoint\",\"urlTemplate\":\"https:\/\/lk-tech.com\/?s={search_term_string}\"},\"query-input\":\"required name=search_term_string\"}],\"inLanguage\":\"vi-VN\"},{\"@type\":\"WebPage\",\"@id\":\"https:\/\/lk-tech.com\/vi\/dich-vu\/giai-phap-chieu-sang-theo-thiet-ke-rieng\/\",\"url\":\"https:\/\/lk-tech.com\/vi\/dich-vu\/giai-phap-chieu-sang-theo-thiet-ke-rieng\/\",\"name\":\"QU\u1ea2N L\u00dd N\u0102NG L\u01af\u1ee2NG CHO T\u00d2A NH\u00c0 & \u0110\u00d4 TH\u1eca -\",\"isPartOf\":{\"@id\":\"https:\/\/lk-tech.com\/#website\"},\"datePublished\":\"2021-08-30T09:57:36+00:00\",\"dateModified\":\"2024-03-27T04:50:06+00:00\",\"breadcrumb\":{\"@id\":\"https:\/\/lk-tech.com\/vi\/dich-vu\/giai-phap-chieu-sang-theo-thiet-ke-rieng\/#breadcrumb\"},\"inLanguage\":\"vi-VN\",\"potentialAction\":[{\"@type\":\"ReadAction\",\"target\":[\"https:\/\/lk-tech.com\/vi\/dich-vu\/giai-phap-chieu-sang-theo-thiet-ke-rieng\/\"]}]},{\"@type\":\"BreadcrumbList\",\"@id\":\"https:\/\/lk-tech.com\/vi\/dich-vu\/giai-phap-chieu-sang-theo-thiet-ke-rieng\/#breadcrumb\",\"itemListElement\":[{\"@type\":\"ListItem\",\"position\":1,\"name\":\"Home\",\"item\":\"https:\/\/lk-tech.com\/vi\/\"},{\"@type\":\"ListItem\",\"position\":2,\"name\":\"D\u1ecbch v\u1ee5\",\"item\":\"https:\/\/lk-tech.com\/vi\/dich-vu\/\"},{\"@type\":\"ListItem\",\"position\":3,\"name\":\"QU\u1ea2N L\u00dd N\u0102NG L\u01af\u1ee2NG CHO T\u00d2A NH\u00c0 &#038; \u0110\u00d4 TH\u1eca\"}]}]}<\/script>\n<!-- \/ Yoast SEO plugin. -->","yoast_head_json":{"title":"QU\u1ea2N L\u00dd N\u0102NG L\u01af\u1ee2NG CHO T\u00d2A NH\u00c0 & \u0110\u00d4 TH\u1eca -","robots":{"index":"index","follow":"follow","max-snippet":"max-snippet:-1","max-image-preview":"max-image-preview:large","max-video-preview":"max-video-preview:-1"},"canonical":"https:\/\/lk-tech.com\/vi\/dich-vu\/giai-phap-chieu-sang-theo-thiet-ke-rieng\/","og_locale":"vi_VN","og_type":"article","og_title":"QU\u1ea2N L\u00dd N\u0102NG L\u01af\u1ee2NG CHO T\u00d2A NH\u00c0 & \u0110\u00d4 TH\u1eca -","og_description":"[vc_row][vc_column][vc_single_image image=&#8221;4734&#8243; img_size=&#8221;full&#8221;][vc_empty_space height=&#8221;60px&#8221;][\/vc_column][\/vc_row][vc_row][vc_column][vc_custom_heading text=&#8221;GI\u1ea2I PH\u00c1P&#8221; font_container=&#8221;tag:h2|text_align:center&#8221; use_theme_fonts=&#8221;yes&#8221;][\/vc_column][\/vc_row][vc_row][vc_column width=&#8221;1\/2&#8243;][vc_single_image image=&#8221;4711&#8243; img_size=&#8221;full&#8221;][vc_custom_heading text=&#8221;GI\u1ea2I PH\u00c1P TI\u1ebeT KI\u1ec6M N\u0102NG L\u01af\u1ee2NG&#8221; font_container=&#8221;tag:h2|text_align:center&#8221; use_theme_fonts=&#8221;yes&#8221;][vc_column_text]Gi\u00fap b\u1ea3o v\u1ec7 m\u00f4i tr\u01b0\u1eddng nh\u01b0 h\u1ec7 th\u1ed1ng Ozone, c\u00f9ng c\u00e1c h\u1ec7 th\u1ed1ng th\u00f4ng minh nh\u01b0 qu\u1ea3n l\u00fd giao th\u00f4ng v\u00e0 \u0111\u00e8n giao th\u00f4ng th\u00f4ng qua IoT v\u00e0 d\u1eef li\u1ec7u l\u1edbn.[\/vc_column_text][\/vc_column][vc_column width=&#8221;1\/2&#8243;][vc_single_image image=&#8221;4731&#8243; img_size=&#8221;full&#8221;][vc_custom_heading text=&#8221;GI\u1ea2I PH\u00c1P ESCO&#8221;","og_url":"https:\/\/lk-tech.com\/vi\/dich-vu\/giai-phap-chieu-sang-theo-thiet-ke-rieng\/","article_modified_time":"2024-03-27T04:50:06+00:00","twitter_card":"summary_large_image","twitter_misc":{"Est. reading time":"3 minutes"},"schema":{"@context":"https:\/\/schema.org","@graph":[{"@type":"WebSite","@id":"https:\/\/lk-tech.com\/#website","url":"https:\/\/lk-tech.com\/","name":"","description":"LK Technology Company Limited","potentialAction":[{"@type":"SearchAction","target":{"@type":"EntryPoint","urlTemplate":"https:\/\/lk-tech.com\/?s={search_term_string}"},"query-input":"required name=search_term_string"}],"inLanguage":"vi-VN"},{"@type":"WebPage","@id":"https:\/\/lk-tech.com\/vi\/dich-vu\/giai-phap-chieu-sang-theo-thiet-ke-rieng\/","url":"https:\/\/lk-tech.com\/vi\/dich-vu\/giai-phap-chieu-sang-theo-thiet-ke-rieng\/","name":"QU\u1ea2N L\u00dd N\u0102NG L\u01af\u1ee2NG CHO T\u00d2A NH\u00c0 & \u0110\u00d4 TH\u1eca -","isPartOf":{"@id":"https:\/\/lk-tech.com\/#website"},"datePublished":"2021-08-30T09:57:36+00:00","dateModified":"2024-03-27T04:50:06+00:00","breadcrumb":{"@id":"https:\/\/lk-tech.com\/vi\/dich-vu\/giai-phap-chieu-sang-theo-thiet-ke-rieng\/#breadcrumb"},"inLanguage":"vi-VN","potentialAction":[{"@type":"ReadAction","target":["https:\/\/lk-tech.com\/vi\/dich-vu\/giai-phap-chieu-sang-theo-thiet-ke-rieng\/"]}]},{"@type":"BreadcrumbList","@id":"https:\/\/lk-tech.com\/vi\/dich-vu\/giai-phap-chieu-sang-theo-thiet-ke-rieng\/#breadcrumb","itemListElement":[{"@type":"ListItem","position":1,"name":"Home","item":"https:\/\/lk-tech.com\/vi\/"},{"@type":"ListItem","position":2,"name":"D\u1ecbch v\u1ee5","item":"https:\/\/lk-tech.com\/vi\/dich-vu\/"},{"@type":"ListItem","position":3,"name":"QU\u1ea2N L\u00dd N\u0102NG L\u01af\u1ee2NG CHO T\u00d2A NH\u00c0 &#038; \u0110\u00d4 TH\u1eca"}]}]}},"_links":{"self":[{"href":"https:\/\/lk-tech.com\/vi\/wp-json\/wp\/v2\/pages\/1903","targetHints":{"allow":["GET"]}}],"collection":[{"href":"https:\/\/lk-tech.com\/vi\/wp-json\/wp\/v2\/pages"}],"about":[{"href":"https:\/\/lk-tech.com\/vi\/wp-json\/wp\/v2\/types\/page"}],"author":[{"embeddable":true,"href":"https:\/\/lk-tech.com\/vi\/wp-json\/wp\/v2\/users\/1"}],"replies":[{"embeddable":true,"href":"https:\/\/lk-tech.com\/vi\/wp-json\/wp\/v2\/comments?post=1903"}],"version-history":[{"count":17,"href":"https:\/\/lk-tech.com\/vi\/wp-json\/wp\/v2\/pages\/1903\/revisions"}],"predecessor-version":[{"id":4844,"href":"https:\/\/lk-tech.com\/vi\/wp-json\/wp\/v2\/pages\/1903\/revisions\/4844"}],"up":[{"embeddable":true,"href":"https:\/\/lk-tech.com\/vi\/wp-json\/wp\/v2\/pages\/149"}],"wp:attachment":[{"href":"https:\/\/lk-tech.com\/vi\/wp-json\/wp\/v2\/media?parent=1903"}],"curies":[{"name":"wp","href":"https:\/\/api.w.org\/{rel}","templated":true}]}}