{"id":149,"date":"2021-07-02T03:56:22","date_gmt":"2021-07-02T03:56:22","guid":{"rendered":"http:\/\/lk-tech.southteam.studio\/?page_id=149"},"modified":"2021-07-02T04:23:24","modified_gmt":"2021-07-02T04:23:24","slug":"dich-vu","status":"publish","type":"page","link":"https:\/\/lk-tech.com\/vi\/dich-vu\/","title":{"rendered":"D\u1ecbch v\u1ee5"},"content":{"rendered":"<p>[vc_row content_placement=&#8221;middle&#8221; css=&#8221;.vc_custom_1625198532160{padding-top: 50px !important;padding-bottom: 50px !important;}&#8221;][vc_column width=&#8221;1\/2&#8243;][vc_custom_heading text=&#8221;TR\u1ea2I NGHI\u1ec6M \u00c1NH S\u00c1NG<br \/>\nNGAY B\u00c2Y GI\u1edc&#8221; use_theme_fonts=&#8221;yes&#8221;]<div class=\"wt-separator-outer text-left \">\n\t<div class=\"wt-separator style-square\">\n\t\t<span class=\"separatorIcon\"><\/span>\n\t\t<div class=\"wt-separator style-square\">\n\t\t\t<span class=\"separator-left bg-primary\"><\/span>\n\t\t\t<span class=\"separator-right bg-primary\"><\/span>\n\t\t<\/div>\n\t<\/div>\n<\/div>\n[vc_column_text]LK Technology Company Limited (the abbreviated name is LK Technology) was established in 2013.<\/p>\n<p>We are a supplier of electrical equipment, lighting solutions, systems leading smart city and building management in Indochina.<\/p>\n<p>With the mission of combining the balance of art and integrating connection smart, we offer the most eminent experiences to our customers.<\/p>\n<p>LK Technology has been an official and trustful representative of many eletrical equipment brands, lighting solution, building management system, and the first cities in the world. We commit to offer our customers the most advanced and effective lighting solutions with the most affordable price.<\/p>\n<p>Our staff never stop being creative and enthusiastic, willing to cope with upcoming challenges.[\/vc_column_text][vc_btn title=&#8221;XEM T\u1ea4T C\u1ea2&#8221; style=&#8221;outline&#8221; shape=&#8221;square&#8221; color=&#8221;black&#8221; css=&#8221;.vc_custom_1625198851782{margin-right: 15px !important;}&#8221;][vc_btn title=&#8221;T\u1ea2I CATALOUGE&#8221; style=&#8221;flat&#8221; shape=&#8221;square&#8221; color=&#8221;blue&#8221; i_icon_fontawesome=&#8221;fas fa-arrow-circle-down&#8221; add_icon=&#8221;true&#8221;][\/vc_column][vc_column width=&#8221;1\/2&#8243; el_class=&#8221;speed-1 scroll-top&#8221;]<div class=\"gallery-carousel gallery-col-2 \">\n\t<div class=\"owl-carousel owl-theme style-carousel-2\">\n\t\t\t\t<div class=\"gallery-item\">\n\t\t\t<img loading=\"lazy\" decoding=\"async\" width=\"628\" height=\"1200\" src=\"https:\/\/lk-tech.com\/wp-content\/uploads\/2021\/07\/lamp-1.jpg\" class=\"attachment-full size-full\" alt=\"\" srcset=\"https:\/\/lk-tech.com\/wp-content\/uploads\/2021\/07\/lamp-1.jpg 628w, https:\/\/lk-tech.com\/wp-content\/uploads\/2021\/07\/lamp-1-157x300.jpg 157w, https:\/\/lk-tech.com\/wp-content\/uploads\/2021\/07\/lamp-1-536x1024.jpg 536w\" sizes=\"auto, (max-width: 628px) 100vw, 628px\" \/>\t\t<\/div>\n\t\t\t\t<div class=\"gallery-item\">\n\t\t\t<img loading=\"lazy\" decoding=\"async\" width=\"628\" height=\"1200\" src=\"https:\/\/lk-tech.com\/wp-content\/uploads\/2021\/07\/lamp-3.jpg\" class=\"attachment-full size-full\" alt=\"\" srcset=\"https:\/\/lk-tech.com\/wp-content\/uploads\/2021\/07\/lamp-3.jpg 628w, https:\/\/lk-tech.com\/wp-content\/uploads\/2021\/07\/lamp-3-157x300.jpg 157w, https:\/\/lk-tech.com\/wp-content\/uploads\/2021\/07\/lamp-3-536x1024.jpg 536w\" sizes=\"auto, (max-width: 628px) 100vw, 628px\" \/>\t\t<\/div>\n\t\t\t\t<div class=\"gallery-item\">\n\t\t\t<img loading=\"lazy\" decoding=\"async\" width=\"628\" height=\"1200\" src=\"https:\/\/lk-tech.com\/wp-content\/uploads\/2021\/07\/lamp-4.jpg\" class=\"attachment-full size-full\" alt=\"\" srcset=\"https:\/\/lk-tech.com\/wp-content\/uploads\/2021\/07\/lamp-4.jpg 628w, https:\/\/lk-tech.com\/wp-content\/uploads\/2021\/07\/lamp-4-157x300.jpg 157w, https:\/\/lk-tech.com\/wp-content\/uploads\/2021\/07\/lamp-4-536x1024.jpg 536w\" sizes=\"auto, (max-width: 628px) 100vw, 628px\" \/>\t\t<\/div>\n\t\t\t\t<div class=\"gallery-item\">\n\t\t\t<img loading=\"lazy\" decoding=\"async\" width=\"628\" height=\"1200\" src=\"https:\/\/lk-tech.com\/wp-content\/uploads\/2021\/07\/map-2.jpg\" class=\"attachment-full size-full\" alt=\"\" srcset=\"https:\/\/lk-tech.com\/wp-content\/uploads\/2021\/07\/map-2.jpg 628w, https:\/\/lk-tech.com\/wp-content\/uploads\/2021\/07\/map-2-157x300.jpg 157w, https:\/\/lk-tech.com\/wp-content\/uploads\/2021\/07\/map-2-536x1024.jpg 536w\" sizes=\"auto, (max-width: 628px) 100vw, 628px\" \/>\t\t<\/div>\n\t\t\t<\/div>\n<\/div>\n[\/vc_column][\/vc_row]<\/p>\n","protected":false},"excerpt":{"rendered":"<p>[vc_row content_placement=&#8221;middle&#8221; css=&#8221;.vc_custom_1625198532160{padding-top: 50px !important;padding-bottom: 50px !important;}&#8221;][vc_column width=&#8221;1\/2&#8243;][vc_custom_heading text=&#8221;TR\u1ea2I NGHI\u1ec6M \u00c1NH S\u00c1NG NGAY B\u00c2Y GI\u1edc&#8221; use_theme_fonts=&#8221;yes&#8221;][vc_column_text]LK Technology Company Limited (the abbreviated name is LK Technology) was established in 2013. We are a supplier of electrical equipment, lighting solutions, systems leading smart city and building management in Indochina. With the mission of combining the balance of<\/p>\n","protected":false},"author":1,"featured_media":0,"parent":0,"menu_order":4,"comment_status":"closed","ping_status":"closed","template":"page-templates\/fullwidthpage.php","meta":{"footnotes":""},"class_list":["post-149","page","type-page","status-publish","hentry"],"yoast_head":"<!-- This site is optimized with the Yoast SEO plugin v19.3 - https:\/\/yoast.com\/wordpress\/plugins\/seo\/ -->\n<title>D\u1ecbch v\u1ee5 -<\/title>\n<meta name=\"robots\" content=\"index, follow, max-snippet:-1, max-image-preview:large, max-video-preview:-1\" \/>\n<link rel=\"canonical\" href=\"https:\/\/lk-tech.com\/vi\/dich-vu\/\" \/>\n<meta property=\"og:locale\" content=\"vi_VN\" \/>\n<meta property=\"og:type\" content=\"article\" \/>\n<meta property=\"og:title\" content=\"D\u1ecbch v\u1ee5 -\" \/>\n<meta property=\"og:description\" content=\"[vc_row content_placement=&#8221;middle&#8221; css=&#8221;.vc_custom_1625198532160{padding-top: 50px !important;padding-bottom: 50px !important;}&#8221;][vc_column width=&#8221;1\/2&#8243;][vc_custom_heading text=&#8221;TR\u1ea2I NGHI\u1ec6M \u00c1NH S\u00c1NG NGAY B\u00c2Y GI\u1edc&#8221; use_theme_fonts=&#8221;yes&#8221;][vc_column_text]LK Technology Company Limited (the abbreviated name is LK Technology) was established in 2013. We are a supplier of electrical equipment, lighting solutions, systems leading smart city and building management in Indochina. With the mission of combining the balance of\" \/>\n<meta property=\"og:url\" content=\"https:\/\/lk-tech.com\/vi\/dich-vu\/\" \/>\n<meta property=\"article:modified_time\" content=\"2021-07-02T04:23:24+00:00\" \/>\n<meta name=\"twitter:card\" content=\"summary_large_image\" \/>\n<meta name=\"twitter:label1\" content=\"Est. reading time\" \/>\n\t<meta name=\"twitter:data1\" content=\"1 minute\" \/>\n<script type=\"application\/ld+json\" class=\"yoast-schema-graph\">{\"@context\":\"https:\/\/schema.org\",\"@graph\":[{\"@type\":\"WebSite\",\"@id\":\"https:\/\/lk-tech.com\/#website\",\"url\":\"https:\/\/lk-tech.com\/\",\"name\":\"\",\"description\":\"LK Technology Company Limited\",\"potentialAction\":[{\"@type\":\"SearchAction\",\"target\":{\"@type\":\"EntryPoint\",\"urlTemplate\":\"https:\/\/lk-tech.com\/?s={search_term_string}\"},\"query-input\":\"required name=search_term_string\"}],\"inLanguage\":\"vi-VN\"},{\"@type\":\"WebPage\",\"@id\":\"https:\/\/lk-tech.com\/vi\/dich-vu\/\",\"url\":\"https:\/\/lk-tech.com\/vi\/dich-vu\/\",\"name\":\"D\u1ecbch v\u1ee5 -\",\"isPartOf\":{\"@id\":\"https:\/\/lk-tech.com\/#website\"},\"datePublished\":\"2021-07-02T03:56:22+00:00\",\"dateModified\":\"2021-07-02T04:23:24+00:00\",\"breadcrumb\":{\"@id\":\"https:\/\/lk-tech.com\/vi\/dich-vu\/#breadcrumb\"},\"inLanguage\":\"vi-VN\",\"potentialAction\":[{\"@type\":\"ReadAction\",\"target\":[\"https:\/\/lk-tech.com\/vi\/dich-vu\/\"]}]},{\"@type\":\"BreadcrumbList\",\"@id\":\"https:\/\/lk-tech.com\/vi\/dich-vu\/#breadcrumb\",\"itemListElement\":[{\"@type\":\"ListItem\",\"position\":1,\"name\":\"Home\",\"item\":\"https:\/\/lk-tech.com\/vi\/\"},{\"@type\":\"ListItem\",\"position\":2,\"name\":\"D\u1ecbch v\u1ee5\"}]}]}<\/script>\n<!-- \/ Yoast SEO plugin. -->","yoast_head_json":{"title":"D\u1ecbch v\u1ee5 -","robots":{"index":"index","follow":"follow","max-snippet":"max-snippet:-1","max-image-preview":"max-image-preview:large","max-video-preview":"max-video-preview:-1"},"canonical":"https:\/\/lk-tech.com\/vi\/dich-vu\/","og_locale":"vi_VN","og_type":"article","og_title":"D\u1ecbch v\u1ee5 -","og_description":"[vc_row content_placement=&#8221;middle&#8221; css=&#8221;.vc_custom_1625198532160{padding-top: 50px !important;padding-bottom: 50px !important;}&#8221;][vc_column width=&#8221;1\/2&#8243;][vc_custom_heading text=&#8221;TR\u1ea2I NGHI\u1ec6M \u00c1NH S\u00c1NG NGAY B\u00c2Y GI\u1edc&#8221; use_theme_fonts=&#8221;yes&#8221;][vc_column_text]LK Technology Company Limited (the abbreviated name is LK Technology) was established in 2013. We are a supplier of electrical equipment, lighting solutions, systems leading smart city and building management in Indochina. With the mission of combining the balance of","og_url":"https:\/\/lk-tech.com\/vi\/dich-vu\/","article_modified_time":"2021-07-02T04:23:24+00:00","twitter_card":"summary_large_image","twitter_misc":{"Est. reading time":"1 minute"},"schema":{"@context":"https:\/\/schema.org","@graph":[{"@type":"WebSite","@id":"https:\/\/lk-tech.com\/#website","url":"https:\/\/lk-tech.com\/","name":"","description":"LK Technology Company Limited","potentialAction":[{"@type":"SearchAction","target":{"@type":"EntryPoint","urlTemplate":"https:\/\/lk-tech.com\/?s={search_term_string}"},"query-input":"required name=search_term_string"}],"inLanguage":"vi-VN"},{"@type":"WebPage","@id":"https:\/\/lk-tech.com\/vi\/dich-vu\/","url":"https:\/\/lk-tech.com\/vi\/dich-vu\/","name":"D\u1ecbch v\u1ee5 -","isPartOf":{"@id":"https:\/\/lk-tech.com\/#website"},"datePublished":"2021-07-02T03:56:22+00:00","dateModified":"2021-07-02T04:23:24+00:00","breadcrumb":{"@id":"https:\/\/lk-tech.com\/vi\/dich-vu\/#breadcrumb"},"inLanguage":"vi-VN","potentialAction":[{"@type":"ReadAction","target":["https:\/\/lk-tech.com\/vi\/dich-vu\/"]}]},{"@type":"BreadcrumbList","@id":"https:\/\/lk-tech.com\/vi\/dich-vu\/#breadcrumb","itemListElement":[{"@type":"ListItem","position":1,"name":"Home","item":"https:\/\/lk-tech.com\/vi\/"},{"@type":"ListItem","position":2,"name":"D\u1ecbch v\u1ee5"}]}]}},"_links":{"self":[{"href":"https:\/\/lk-tech.com\/vi\/wp-json\/wp\/v2\/pages\/149","targetHints":{"allow":["GET"]}}],"collection":[{"href":"https:\/\/lk-tech.com\/vi\/wp-json\/wp\/v2\/pages"}],"about":[{"href":"https:\/\/lk-tech.com\/vi\/wp-json\/wp\/v2\/types\/page"}],"author":[{"embeddable":true,"href":"https:\/\/lk-tech.com\/vi\/wp-json\/wp\/v2\/users\/1"}],"replies":[{"embeddable":true,"href":"https:\/\/lk-tech.com\/vi\/wp-json\/wp\/v2\/comments?post=149"}],"version-history":[{"count":6,"href":"https:\/\/lk-tech.com\/vi\/wp-json\/wp\/v2\/pages\/149\/revisions"}],"predecessor-version":[{"id":160,"href":"https:\/\/lk-tech.com\/vi\/wp-json\/wp\/v2\/pages\/149\/revisions\/160"}],"wp:attachment":[{"href":"https:\/\/lk-tech.com\/vi\/wp-json\/wp\/v2\/media?parent=149"}],"curies":[{"name":"wp","href":"https:\/\/api.w.org\/{rel}","templated":true}]}}